{"id":7690,"date":"2022-05-03T22:10:38","date_gmt":"2022-05-03T20:10:38","guid":{"rendered":"http:\/\/wendre.pl\/cz\/?post_type=product&#038;p=7690"},"modified":"2022-05-03T22:13:00","modified_gmt":"2022-05-03T20:13:00","slug":"vaxjo","status":"publish","type":"product","link":"https:\/\/wendre.pl\/cz\/product\/vaxjo\/","title":{"rendered":"V\u00e4xj\u00f6"},"content":{"rendered":"","protected":false},"excerpt":{"rendered":"<p><strong>Produkty dostupn\u00e9 v t\u00e9to s\u00e9rii:<br \/>\n<\/strong><\/p>\n<ul>\n<li><strong>P\u0159ikr\u00fdvky:<\/strong> 140&#215;200<\/li>\n<li><strong>Pol\u0161t\u00e1\u0159e:<\/strong>\u00a070&#215;90<\/li>\n<\/ul>\n","protected":false},"featured_media":7691,"template":"","meta":{"inline_featured_image":false},"product_cat":[15],"product_tag":[],"class_list":["post-7690","product","type-product","status-publish","has-post-thumbnail","hentry","product_cat-uncategorized"],"_links":{"self":[{"href":"https:\/\/wendre.pl\/cz\/wp-json\/wp\/v2\/product\/7690","targetHints":{"allow":["GET"]}}],"collection":[{"href":"https:\/\/wendre.pl\/cz\/wp-json\/wp\/v2\/product"}],"about":[{"href":"https:\/\/wendre.pl\/cz\/wp-json\/wp\/v2\/types\/product"}],"version-history":[{"count":1,"href":"https:\/\/wendre.pl\/cz\/wp-json\/wp\/v2\/product\/7690\/revisions"}],"predecessor-version":[{"id":7696,"href":"https:\/\/wendre.pl\/cz\/wp-json\/wp\/v2\/product\/7690\/revisions\/7696"}],"wp:featuredmedia":[{"embeddable":true,"href":"https:\/\/wendre.pl\/cz\/wp-json\/wp\/v2\/media\/7691"}],"wp:attachment":[{"href":"https:\/\/wendre.pl\/cz\/wp-json\/wp\/v2\/media?parent=7690"}],"wp:term":[{"taxonomy":"product_cat","embeddable":true,"href":"https:\/\/wendre.pl\/cz\/wp-json\/wp\/v2\/product_cat?post=7690"},{"taxonomy":"product_tag","embeddable":true,"href":"https:\/\/wendre.pl\/cz\/wp-json\/wp\/v2\/product_tag?post=7690"}],"curies":[{"name":"wp","href":"https:\/\/api.w.org\/{rel}","templated":true}]}}