{"id":7683,"date":"2022-05-03T22:06:06","date_gmt":"2022-05-03T20:06:06","guid":{"rendered":"http:\/\/wendre.pl\/cz\/?post_type=product&#038;p=7683"},"modified":"2022-05-03T22:10:17","modified_gmt":"2022-05-03T20:10:17","slug":"lulea","status":"publish","type":"product","link":"https:\/\/wendre.pl\/cz\/product\/lulea\/","title":{"rendered":"Lulea"},"content":{"rendered":"","protected":false},"excerpt":{"rendered":"<p><strong>Produkty dostupn\u00e9 v t\u00e9to s\u00e9rii:<br \/>\n<\/strong><\/p>\n<ul>\n<li><strong>P\u0159ikr\u00fdvky:<\/strong> 140&#215;200<\/li>\n<li><strong>Pol\u0161t\u00e1\u0159e:<\/strong>\u00a070&#215;90<\/li>\n<\/ul>\n","protected":false},"featured_media":7688,"template":"","meta":{"inline_featured_image":false},"product_cat":[15],"product_tag":[],"class_list":["post-7683","product","type-product","status-publish","has-post-thumbnail","hentry","product_cat-uncategorized"],"_links":{"self":[{"href":"https:\/\/wendre.pl\/cz\/wp-json\/wp\/v2\/product\/7683","targetHints":{"allow":["GET"]}}],"collection":[{"href":"https:\/\/wendre.pl\/cz\/wp-json\/wp\/v2\/product"}],"about":[{"href":"https:\/\/wendre.pl\/cz\/wp-json\/wp\/v2\/types\/product"}],"version-history":[{"count":1,"href":"https:\/\/wendre.pl\/cz\/wp-json\/wp\/v2\/product\/7683\/revisions"}],"predecessor-version":[{"id":7689,"href":"https:\/\/wendre.pl\/cz\/wp-json\/wp\/v2\/product\/7683\/revisions\/7689"}],"wp:featuredmedia":[{"embeddable":true,"href":"https:\/\/wendre.pl\/cz\/wp-json\/wp\/v2\/media\/7688"}],"wp:attachment":[{"href":"https:\/\/wendre.pl\/cz\/wp-json\/wp\/v2\/media?parent=7683"}],"wp:term":[{"taxonomy":"product_cat","embeddable":true,"href":"https:\/\/wendre.pl\/cz\/wp-json\/wp\/v2\/product_cat?post=7683"},{"taxonomy":"product_tag","embeddable":true,"href":"https:\/\/wendre.pl\/cz\/wp-json\/wp\/v2\/product_tag?post=7683"}],"curies":[{"name":"wp","href":"https:\/\/api.w.org\/{rel}","templated":true}]}}