{"id":7308,"date":"2022-02-01T23:32:49","date_gmt":"2022-02-01T22:32:49","guid":{"rendered":"http:\/\/wendre.pl\/cz\/?post_type=product&#038;p=7308"},"modified":"2022-05-03T21:34:19","modified_gmt":"2022-05-03T19:34:19","slug":"blumen","status":"publish","type":"product","link":"https:\/\/wendre.pl\/cz\/product\/blumen\/","title":{"rendered":"Blumen"},"content":{"rendered":"","protected":false},"excerpt":{"rendered":"<p><strong>Produkty dostupn\u00e9 v t\u00e9to s\u00e9rii:<br \/>\n<\/strong><\/p>\n<ul>\n<li><strong>P\u0159ikr\u00fdvky:<\/strong> 140&#215;200<\/li>\n<li><strong>Pol\u0161t\u00e1\u0159e:<\/strong> 70&#215;90<\/li>\n<\/ul>\n","protected":false},"featured_media":7632,"template":"","meta":{"inline_featured_image":false},"product_cat":[15],"product_tag":[],"class_list":["post-7308","product","type-product","status-publish","has-post-thumbnail","hentry","product_cat-uncategorized"],"_links":{"self":[{"href":"https:\/\/wendre.pl\/cz\/wp-json\/wp\/v2\/product\/7308","targetHints":{"allow":["GET"]}}],"collection":[{"href":"https:\/\/wendre.pl\/cz\/wp-json\/wp\/v2\/product"}],"about":[{"href":"https:\/\/wendre.pl\/cz\/wp-json\/wp\/v2\/types\/product"}],"version-history":[{"count":6,"href":"https:\/\/wendre.pl\/cz\/wp-json\/wp\/v2\/product\/7308\/revisions"}],"predecessor-version":[{"id":7638,"href":"https:\/\/wendre.pl\/cz\/wp-json\/wp\/v2\/product\/7308\/revisions\/7638"}],"wp:featuredmedia":[{"embeddable":true,"href":"https:\/\/wendre.pl\/cz\/wp-json\/wp\/v2\/media\/7632"}],"wp:attachment":[{"href":"https:\/\/wendre.pl\/cz\/wp-json\/wp\/v2\/media?parent=7308"}],"wp:term":[{"taxonomy":"product_cat","embeddable":true,"href":"https:\/\/wendre.pl\/cz\/wp-json\/wp\/v2\/product_cat?post=7308"},{"taxonomy":"product_tag","embeddable":true,"href":"https:\/\/wendre.pl\/cz\/wp-json\/wp\/v2\/product_tag?post=7308"}],"curies":[{"name":"wp","href":"https:\/\/api.w.org\/{rel}","templated":true}]}}