{"id":7298,"date":"2022-02-01T23:20:30","date_gmt":"2022-02-01T22:20:30","guid":{"rendered":"http:\/\/wendre.pl\/cz\/?post_type=product&#038;p=7298"},"modified":"2022-05-03T21:16:46","modified_gmt":"2022-05-03T19:16:46","slug":"eco","status":"publish","type":"product","link":"https:\/\/wendre.pl\/cz\/product\/eco\/","title":{"rendered":"Eco"},"content":{"rendered":"","protected":false},"excerpt":{"rendered":"<p><strong>Produkty dostupn\u00e9 v t\u00e9to s\u00e9rii:<br \/>\n<\/strong><\/p>\n<ul>\n<li><strong>P\u0159ikr\u00fdvky:<\/strong> 160&#215;200<\/li>\n<li><strong>Pol\u0161t\u00e1\u0159e:<\/strong> 70&#215;80<\/li>\n<\/ul>\n","protected":false},"featured_media":7608,"template":"","meta":{"inline_featured_image":false},"product_cat":[15],"product_tag":[],"class_list":["post-7298","product","type-product","status-publish","has-post-thumbnail","hentry","product_cat-uncategorized"],"_links":{"self":[{"href":"https:\/\/wendre.pl\/cz\/wp-json\/wp\/v2\/product\/7298","targetHints":{"allow":["GET"]}}],"collection":[{"href":"https:\/\/wendre.pl\/cz\/wp-json\/wp\/v2\/product"}],"about":[{"href":"https:\/\/wendre.pl\/cz\/wp-json\/wp\/v2\/types\/product"}],"version-history":[{"count":5,"href":"https:\/\/wendre.pl\/cz\/wp-json\/wp\/v2\/product\/7298\/revisions"}],"predecessor-version":[{"id":7615,"href":"https:\/\/wendre.pl\/cz\/wp-json\/wp\/v2\/product\/7298\/revisions\/7615"}],"wp:featuredmedia":[{"embeddable":true,"href":"https:\/\/wendre.pl\/cz\/wp-json\/wp\/v2\/media\/7608"}],"wp:attachment":[{"href":"https:\/\/wendre.pl\/cz\/wp-json\/wp\/v2\/media?parent=7298"}],"wp:term":[{"taxonomy":"product_cat","embeddable":true,"href":"https:\/\/wendre.pl\/cz\/wp-json\/wp\/v2\/product_cat?post=7298"},{"taxonomy":"product_tag","embeddable":true,"href":"https:\/\/wendre.pl\/cz\/wp-json\/wp\/v2\/product_tag?post=7298"}],"curies":[{"name":"wp","href":"https:\/\/api.w.org\/{rel}","templated":true}]}}