{"id":7287,"date":"2022-02-01T23:02:51","date_gmt":"2022-02-01T22:02:51","guid":{"rendered":"http:\/\/wendre.pl\/cz\/?post_type=product&#038;p=7287"},"modified":"2022-05-03T22:05:41","modified_gmt":"2022-05-03T20:05:41","slug":"topcool","status":"publish","type":"product","link":"https:\/\/wendre.pl\/cz\/product\/topcool\/","title":{"rendered":"Topcool"},"content":{"rendered":"","protected":false},"excerpt":{"rendered":"<p><strong>Produkty dostupn\u00e9 v t\u00e9to s\u00e9rii:<br \/>\n<\/strong><\/p>\n<ul>\n<li><strong>P\u0159ikr\u00fdvky:<\/strong> 140&#215;200<\/li>\n<li><strong>Pol\u0161t\u00e1\u0159e:<\/strong> 40&#215;40, 50&#215;70, 70&#215;90<\/li>\n<\/ul>\n","protected":false},"featured_media":7675,"template":"","meta":{"inline_featured_image":false},"product_cat":[15],"product_tag":[],"class_list":["post-7287","product","type-product","status-publish","has-post-thumbnail","hentry","product_cat-uncategorized"],"_links":{"self":[{"href":"https:\/\/wendre.pl\/cz\/wp-json\/wp\/v2\/product\/7287","targetHints":{"allow":["GET"]}}],"collection":[{"href":"https:\/\/wendre.pl\/cz\/wp-json\/wp\/v2\/product"}],"about":[{"href":"https:\/\/wendre.pl\/cz\/wp-json\/wp\/v2\/types\/product"}],"version-history":[{"count":7,"href":"https:\/\/wendre.pl\/cz\/wp-json\/wp\/v2\/product\/7287\/revisions"}],"predecessor-version":[{"id":7682,"href":"https:\/\/wendre.pl\/cz\/wp-json\/wp\/v2\/product\/7287\/revisions\/7682"}],"wp:featuredmedia":[{"embeddable":true,"href":"https:\/\/wendre.pl\/cz\/wp-json\/wp\/v2\/media\/7675"}],"wp:attachment":[{"href":"https:\/\/wendre.pl\/cz\/wp-json\/wp\/v2\/media?parent=7287"}],"wp:term":[{"taxonomy":"product_cat","embeddable":true,"href":"https:\/\/wendre.pl\/cz\/wp-json\/wp\/v2\/product_cat?post=7287"},{"taxonomy":"product_tag","embeddable":true,"href":"https:\/\/wendre.pl\/cz\/wp-json\/wp\/v2\/product_tag?post=7287"}],"curies":[{"name":"wp","href":"https:\/\/api.w.org\/{rel}","templated":true}]}}