{"id":1505,"date":"2020-12-03T14:54:35","date_gmt":"2020-12-03T13:54:35","guid":{"rendered":"https:\/\/umea.qodeinteractive.com\/?page_id=1505"},"modified":"2022-05-03T20:08:29","modified_gmt":"2022-05-03T18:08:29","slug":"o-nas","status":"publish","type":"page","link":"https:\/\/wendre.pl\/cz\/o-nas\/","title":{"rendered":"O n\u00e1s"},"content":{"rendered":"\t\t<div data-elementor-type=\"wp-page\" data-elementor-id=\"1505\" class=\"elementor elementor-1505\">\n\t\t\t\t\t\t\t\t\t<section class=\"elementor-section elementor-top-section elementor-element elementor-element-d02f786 elementor-section-boxed elementor-section-height-default elementor-section-height-default qodef-elementor-content-no\" data-id=\"d02f786\" data-element_type=\"section\">\n\t\t\t\t\t\t<div class=\"elementor-container elementor-column-gap-wider\">\n\t\t\t\t\t<div class=\"elementor-column elementor-col-33 elementor-top-column elementor-element elementor-element-4ec601c\" data-id=\"4ec601c\" data-element_type=\"column\">\n\t\t\t<div class=\"elementor-widget-wrap elementor-element-populated\">\n\t\t\t\t\t\t\t\t<div class=\"elementor-element elementor-element-25f9764 elementor-widget__width-initial elementor-widget-tablet__width-inherit elementor-widget elementor-widget-umea_core_section_title\" data-id=\"25f9764\" data-element_type=\"widget\" data-widget_type=\"umea_core_section_title.default\">\n\t\t\t\t<div class=\"elementor-widget-container\">\n\t\t\t<div class=\"qodef-shortcode qodef-m  qodef-section-title qodef-alignment--left \">\n\t\t\t<h4 class=\"qodef-m-title\" >\n\t\t\t\t\tPe\u010dujeme o z\u00e1kazn\u00edky\t\t\t\t\t<\/h4>\n\t\t<div class=\"qodef-m-separator clear\">\n\t\t<div class=\"qodef-shortcode qodef-m  qodef-separator clear \">\t<div class=\"qodef-m-line\" style=\"border-color: #FFFFFF00\"><\/div><\/div>\t<\/div>\n\t\t<p class=\"qodef-m-text\" style=\"margin-top: -12px\">Zna\u010dka Wendre velmi dob\u0159e zn\u00e1 pot\u0159eby sv\u00fdch z\u00e1kazn\u00edk\u016f a vych\u00e1z\u00ed jim vst\u0159\u00edc. Jako p\u0159edn\u00ed v\u00fdrobce pol\u0161t\u00e1\u0159\u016f a p\u0159ikr\u00fdvek na evropsk\u00e9m trhu dod\u00e1v\u00e1me na\u0161im z\u00e1kazn\u00edk\u016fm v\u00fdrobky vynikaj\u00edc\u00ed kvality za atraktivn\u00ed ceny.<\/p>\n\t<\/div>\n\t\t<\/div>\n\t\t\t\t<\/div>\n\t\t\t\t\t<\/div>\n\t\t<\/div>\n\t\t\t\t<div class=\"elementor-column elementor-col-33 elementor-top-column elementor-element elementor-element-8c66a22\" data-id=\"8c66a22\" data-element_type=\"column\">\n\t\t\t<div class=\"elementor-widget-wrap elementor-element-populated\">\n\t\t\t\t\t\t\t\t<div class=\"elementor-element elementor-element-798980d elementor-widget__width-initial elementor-widget-tablet__width-inherit elementor-widget elementor-widget-umea_core_section_title\" data-id=\"798980d\" data-element_type=\"widget\" data-widget_type=\"umea_core_section_title.default\">\n\t\t\t\t<div class=\"elementor-widget-container\">\n\t\t\t<div class=\"qodef-shortcode qodef-m  qodef-section-title qodef-alignment--left \">\n\t\t\t<h4 class=\"qodef-m-title\" >\n\t\t\t\t\tVs\u00e1z\u00edme na kvalitu\t\t\t\t\t<\/h4>\n\t\t<div class=\"qodef-m-separator clear\">\n\t\t<div class=\"qodef-shortcode qodef-m  qodef-separator clear \">\t<div class=\"qodef-m-line\" style=\"border-color: #FFFFFF00\"><\/div><\/div>\t<\/div>\n\t\t<p class=\"qodef-m-text\" style=\"margin-top: -12px\">P\u0159ikr\u00fdvky a pol\u0161t\u00e1\u0159e zna\u010dky Wendre jsou vyr\u00e1b\u011bny nejmodern\u011bj\u0161\u00edmi technologiemi, d\u00edky nim\u017e jsou symbolem nejvy\u0161\u0161\u00ed kvality a spolehlivosti.<\/p>\n\t<\/div>\n\t\t<\/div>\n\t\t\t\t<\/div>\n\t\t\t\t\t<\/div>\n\t\t<\/div>\n\t\t\t\t<div class=\"elementor-column elementor-col-33 elementor-top-column elementor-element elementor-element-77d9096\" data-id=\"77d9096\" data-element_type=\"column\">\n\t\t\t<div class=\"elementor-widget-wrap elementor-element-populated\">\n\t\t\t\t\t\t\t\t<div class=\"elementor-element elementor-element-cf2d8d3 elementor-widget__width-initial elementor-widget-tablet__width-inherit elementor-widget elementor-widget-umea_core_section_title\" data-id=\"cf2d8d3\" data-element_type=\"widget\" data-widget_type=\"umea_core_section_title.default\">\n\t\t\t\t<div class=\"elementor-widget-container\">\n\t\t\t<div class=\"qodef-shortcode qodef-m  qodef-section-title qodef-alignment--left \">\n\t\t\t<h4 class=\"qodef-m-title\" >\n\t\t\t\t\t\u0158\u00edd\u00edme se ambic\u00ed\t\t\t\t\t<\/h4>\n\t\t<div class=\"qodef-m-separator clear\">\n\t\t<div class=\"qodef-shortcode qodef-m  qodef-separator clear \">\t<div class=\"qodef-m-line\" style=\"border-color: #FFFFFF00\"><\/div><\/div>\t<\/div>\n\t\t<p class=\"qodef-m-text\" style=\"margin-top: -12px\">B\u00fdt nejlep\u0161\u00edm evropsk\u00fdm v\u00fdrobcem bytov\u00e9ho textilu d\u00edky vytvo\u0159en\u00ed flexibiln\u00ed organizace zam\u011b\u0159en\u00e9 na neust\u00e1l\u00e9 vzd\u011bl\u00e1v\u00e1n\u00ed a inovace. Wendre \u2013 Smart about sleeping<\/p>\n\t<\/div>\n\t\t<\/div>\n\t\t\t\t<\/div>\n\t\t\t\t\t<\/div>\n\t\t<\/div>\n\t\t\t\t\t\t\t<\/div>\n\t\t<\/section>\n\t\t\t\t<section class=\"elementor-section elementor-top-section elementor-element elementor-element-8c81d92 elementor-section-boxed elementor-section-height-default elementor-section-height-default qodef-elementor-content-no\" data-id=\"8c81d92\" data-element_type=\"section\" data-settings=\"{&quot;background_background&quot;:&quot;classic&quot;}\">\n\t\t\t\t\t\t<div class=\"elementor-container elementor-column-gap-wider\">\n\t\t\t\t\t<div class=\"elementor-column elementor-col-33 elementor-top-column elementor-element elementor-element-eb0a96c\" data-id=\"eb0a96c\" data-element_type=\"column\">\n\t\t\t<div class=\"elementor-widget-wrap elementor-element-populated\">\n\t\t\t\t\t\t\t\t<div class=\"elementor-element elementor-element-08ca1e5 elementor-invisible elementor-widget elementor-widget-qi_addons_for_elementor_counter\" data-id=\"08ca1e5\" data-element_type=\"widget\" data-settings=\"{&quot;_animation&quot;:&quot;fadeIn&quot;}\" data-widget_type=\"qi_addons_for_elementor_counter.default\">\n\t\t\t\t<div class=\"elementor-widget-container\">\n\t\t\t<div class=\"qodef-shortcode qodef-m  qodef-qi-counter qodef-layout--simple  \" data-start-digit=\"1.2\" data-end-digit=\"1.2\" data-digit-label=\" mil\">\n\t<div class=\"qodef-m-digit-wrapper\">\n\t\t<div class=\"qodef-m-digit\"><\/div>\n\t<div class=\"qodef-m-icon\">\n\t\t\t\t\t<i aria-hidden=\"true\" class=\"far fa-smile\"><\/i>\t\t\t<\/div>\n\t<\/div>\n\t\t<div class=\"qodef-m-content\">\n\t\t\t<h5 class=\"qodef-m-title\">\n\t\ttolik jsme vyrobili p\u0159ikr\u00fdvek v roce 2021\t<\/h5>\n\t\t\t<\/div>\n<\/div>\n\t\t<\/div>\n\t\t\t\t<\/div>\n\t\t\t\t\t<\/div>\n\t\t<\/div>\n\t\t\t\t<div class=\"elementor-column elementor-col-33 elementor-top-column elementor-element elementor-element-1cc142f\" data-id=\"1cc142f\" data-element_type=\"column\">\n\t\t\t<div class=\"elementor-widget-wrap elementor-element-populated\">\n\t\t\t\t\t\t\t\t<div class=\"elementor-element elementor-element-c2f2acc elementor-invisible elementor-widget elementor-widget-qi_addons_for_elementor_counter\" data-id=\"c2f2acc\" data-element_type=\"widget\" data-settings=\"{&quot;_animation&quot;:&quot;fadeIn&quot;}\" data-widget_type=\"qi_addons_for_elementor_counter.default\">\n\t\t\t\t<div class=\"elementor-widget-container\">\n\t\t\t<div class=\"qodef-shortcode qodef-m  qodef-qi-counter qodef-layout--simple  \" data-start-digit=\"2.5\" data-end-digit=\"2.5\" data-digit-label=\" mil\">\n\t<div class=\"qodef-m-digit-wrapper\">\n\t\t<div class=\"qodef-m-digit\"><\/div>\n\t<div class=\"qodef-m-icon\">\n\t\t\t\t\t<i aria-hidden=\"true\" class=\"fas fa-seedling\"><\/i>\t\t\t<\/div>\n\t<\/div>\n\t\t<div class=\"qodef-m-content\">\n\t\t\t<h5 class=\"qodef-m-title\">\n\t\ttolik jsme vyrobili pol\u0161t\u00e1\u0159\u016f v roce 2021\t<\/h5>\n\t\t\t<\/div>\n<\/div>\n\t\t<\/div>\n\t\t\t\t<\/div>\n\t\t\t\t\t<\/div>\n\t\t<\/div>\n\t\t\t\t<div class=\"elementor-column elementor-col-33 elementor-top-column elementor-element elementor-element-f408ba0\" data-id=\"f408ba0\" data-element_type=\"column\">\n\t\t\t<div class=\"elementor-widget-wrap elementor-element-populated\">\n\t\t\t\t\t\t\t\t<div class=\"elementor-element elementor-element-3b1f598 elementor-invisible elementor-widget elementor-widget-qi_addons_for_elementor_counter\" data-id=\"3b1f598\" data-element_type=\"widget\" data-settings=\"{&quot;_animation&quot;:&quot;fadeIn&quot;}\" data-widget_type=\"qi_addons_for_elementor_counter.default\">\n\t\t\t\t<div class=\"elementor-widget-container\">\n\t\t\t<div class=\"qodef-shortcode qodef-m  qodef-qi-counter qodef-layout--simple  \" data-end-digit=\"200\" data-step-digit=\"50\" data-digit-label=\"+\">\n\t<div class=\"qodef-m-digit-wrapper\">\n\t\t<div class=\"qodef-m-digit\"><\/div>\n\t<div class=\"qodef-m-icon\">\n\t\t\t\t\t<i aria-hidden=\"true\" class=\"fas fa-user\"><\/i>\t\t\t<\/div>\n\t<\/div>\n\t\t<div class=\"qodef-m-content\">\n\t\t\t<h5 class=\"qodef-m-title\">\n\t\ttolik lid\u00ed se pod\u00edl\u00ed na \u00fasp\u011bchu Wendre\t<\/h5>\n\t\t\t<\/div>\n<\/div>\n\t\t<\/div>\n\t\t\t\t<\/div>\n\t\t\t\t\t<\/div>\n\t\t<\/div>\n\t\t\t\t\t\t\t<\/div>\n\t\t<\/section>\n\t\t\t\t<section class=\"elementor-section elementor-top-section elementor-element elementor-element-3dab8fca elementor-section-boxed elementor-section-height-default elementor-section-height-default qodef-elementor-content-no\" data-id=\"3dab8fca\" data-element_type=\"section\">\n\t\t\t\t\t\t<div class=\"elementor-container elementor-column-gap-wider\">\n\t\t\t\t\t<div class=\"elementor-column elementor-col-100 elementor-top-column elementor-element elementor-element-1ebe648c\" data-id=\"1ebe648c\" data-element_type=\"column\">\n\t\t\t<div class=\"elementor-widget-wrap elementor-element-populated\">\n\t\t\t\t\t\t\t\t<div class=\"elementor-element elementor-element-ff769d1 faq elementor-widget elementor-widget-qi_addons_for_elementor_faq\" data-id=\"ff769d1\" data-element_type=\"widget\" data-widget_type=\"qi_addons_for_elementor_faq.default\">\n\t\t\t\t<div class=\"elementor-widget-container\">\n\t\t\t<div class=\"qodef-shortcode qodef-m  qodef-qi-faq qodef-qi-clear  qodef-behavior--none qodef-layout--simple qodef-style--border-between\">\n\t<h4 class=\"qodef-e-title-holder\">\n\t<span class=\"qodef-e-title\">\n\t\t\t\tNa\u0161e posl\u00e1n\u00ed\t<\/span>\n\t<\/h4>\n<div class=\"qodef-e-content\">\n\t<div class=\"qodef-e-content-inner\">\n\t\t<p>B\u00fdt p\u0159i spolupr\u00e1ci s na\u0161imi partnery spolehliv\u00fdm a d\u016fv\u011bryhodn\u00fdm v\u00fdrobcem na sv\u011btov\u00e9m textiln\u00edm trhu. Na v\u0161ech na\u0161ich trz\u00edch pova\u017eovat ochranu \u017eivotn\u00edho prost\u0159ed\u00ed a energetickou \u00fa\u010dinnost za d\u016fle\u017eitou prioritu.<\/p>\t<\/div>\n<\/div>\n<h4 class=\"qodef-e-title-holder\">\n\t<span class=\"qodef-e-title\">\n\t\t\t\tVize\t<\/span>\n\t<\/h4>\n<div class=\"qodef-e-content\">\n\t<div class=\"qodef-e-content-inner\">\n\t\t<p>B\u00fdt nejlep\u0161\u00edm evropsk\u00fdm v\u00fdrobcem bytov\u00e9ho textilu d\u00edky vytvo\u0159en\u00ed flexibiln\u00ed organizace zam\u011b\u0159en\u00e9 na neust\u00e1l\u00e9 vzd\u011bl\u00e1v\u00e1n\u00ed a inovace. Wendre \u2013 Smart about sleeping<\/p>\t<\/div>\n<\/div>\n<h4 class=\"qodef-e-title-holder\">\n\t<span class=\"qodef-e-title\">\n\t\t\t\tVyv\u00e1\u017een\u00e1 technologie\t<\/span>\n\t<\/h4>\n<div class=\"qodef-e-content\">\n\t<div class=\"qodef-e-content-inner\">\n\t\t<p>Ve Wendre si uv\u011bdomujeme, \u017ee \u00fasp\u011bch zalo\u017een\u00fd na zv\u00fd\u0161en\u00e9 spot\u0159eb\u011b m\u00e1 svou cenu. Proto tedy p\u0159em\u00fd\u0161l\u00edme, zda je ka\u017ed\u00e1 nov\u00e1 investice \u0161etrn\u00e1 k \u017eivotn\u00edmu prost\u0159ed\u00ed. Pouze kladn\u00e1 odpov\u011b\u010f n\u00e1m umo\u017en\u00ed pokra\u010dovat.<\/p><p>\u00a0<\/p><p>Dobr\u00fdm p\u0159\u00edkladem bylo otev\u0159en\u00ed nov\u00e9 tov\u00e1rny v estonsk\u00e9m P\u00e4rnu v roce 2005. Byla vybudov\u00e1na v souladu s po\u017eadavky syst\u00e9mu environment\u00e1ln\u00edho managementu zalo\u017een\u00e9ho na norm\u00e1ch ISO 14001 a standardech kvality.<\/p><p>\u00a0<\/p><p>Investovali jsme do energeticky \u00fasporn\u00fdch \u0159e\u0161en\u00ed pro vyt\u00e1p\u011bn\u00ed tov\u00e1rny a p\u0159i n\u00e1kupu za\u0159\u00edzen\u00ed jsme se \u0159\u00eddili jejich n\u00edzkou spot\u0159ebou energie. Inteligentn\u00ed syst\u00e9my vyt\u00e1p\u011bn\u00ed a osv\u011btlen\u00ed minimalizuj\u00ed spot\u0159ebu energie. Za\u010dali jsme sledovat hlavn\u00ed zdroje spot\u0159eby energie, abychom vytvo\u0159ili optim\u00e1ln\u00ed pracovn\u00ed cykly.<\/p>\t<\/div>\n<\/div>\n<\/div>\n\t<script type=\"application\/ld+json\">{\"@context\":\"https:\\\/\\\/schema.org\",\"@type\":\"FAQPage\",\"mainEntity\":[{\"@type\":\"Question\",\"name\":\"Na\\u0161e posl\\u00e1n\\u00ed\",\"acceptedAnswer\":{\"@type\":\"Answer\",\"text\":\"<p>B\\u00fdt p\\u0159i spolupr\\u00e1ci s na\\u0161imi partnery spolehliv\\u00fdm a d\\u016fv\\u011bryhodn\\u00fdm v\\u00fdrobcem na sv\\u011btov\\u00e9m textiln\\u00edm trhu. Na v\\u0161ech na\\u0161ich trz\\u00edch pova\\u017eovat ochranu \\u017eivotn\\u00edho prost\\u0159ed\\u00ed a energetickou \\u00fa\\u010dinnost za d\\u016fle\\u017eitou prioritu.<\\\/p>\"}},{\"@type\":\"Question\",\"name\":\"Vize\",\"acceptedAnswer\":{\"@type\":\"Answer\",\"text\":\"<p>B\\u00fdt nejlep\\u0161\\u00edm evropsk\\u00fdm v\\u00fdrobcem bytov\\u00e9ho textilu d\\u00edky vytvo\\u0159en\\u00ed flexibiln\\u00ed organizace zam\\u011b\\u0159en\\u00e9 na neust\\u00e1l\\u00e9 vzd\\u011bl\\u00e1v\\u00e1n\\u00ed a inovace. Wendre \\u2013 Smart about sleeping<\\\/p>\"}},{\"@type\":\"Question\",\"name\":\"Vyv\\u00e1\\u017een\\u00e1 technologie\",\"acceptedAnswer\":{\"@type\":\"Answer\",\"text\":\"<p>Ve Wendre si uv\\u011bdomujeme, \\u017ee \\u00fasp\\u011bch zalo\\u017een\\u00fd na zv\\u00fd\\u0161en\\u00e9 spot\\u0159eb\\u011b m\\u00e1 svou cenu. Proto tedy p\\u0159em\\u00fd\\u0161l\\u00edme, zda je ka\\u017ed\\u00e1 nov\\u00e1 investice \\u0161etrn\\u00e1 k \\u017eivotn\\u00edmu prost\\u0159ed\\u00ed. Pouze kladn\\u00e1 odpov\\u011b\\u010f n\\u00e1m umo\\u017en\\u00ed pokra\\u010dovat.<\\\/p><p>\\u00a0<\\\/p><p>Dobr\\u00fdm p\\u0159\\u00edkladem bylo otev\\u0159en\\u00ed nov\\u00e9 tov\\u00e1rny v estonsk\\u00e9m P\\u00e4rnu v roce 2005. Byla vybudov\\u00e1na v souladu s po\\u017eadavky syst\\u00e9mu environment\\u00e1ln\\u00edho managementu zalo\\u017een\\u00e9ho na norm\\u00e1ch ISO 14001 a standardech kvality.<\\\/p><p>\\u00a0<\\\/p><p>Investovali jsme do energeticky \\u00fasporn\\u00fdch \\u0159e\\u0161en\\u00ed pro vyt\\u00e1p\\u011bn\\u00ed tov\\u00e1rny a p\\u0159i n\\u00e1kupu za\\u0159\\u00edzen\\u00ed jsme se \\u0159\\u00eddili jejich n\\u00edzkou spot\\u0159ebou energie. Inteligentn\\u00ed syst\\u00e9my vyt\\u00e1p\\u011bn\\u00ed a osv\\u011btlen\\u00ed minimalizuj\\u00ed spot\\u0159ebu energie. Za\\u010dali jsme sledovat hlavn\\u00ed zdroje spot\\u0159eby energie, abychom vytvo\\u0159ili optim\\u00e1ln\\u00ed pracovn\\u00ed cykly.<\\\/p>\"}}]}<\/script>\n\t\t<\/div>\n\t\t\t\t<\/div>\n\t\t\t\t\t<\/div>\n\t\t<\/div>\n\t\t\t\t\t\t\t<\/div>\n\t\t<\/section>\n\t\t\t\t\t\t\t<\/div>\n\t\t","protected":false},"excerpt":{"rendered":"<p>Pe\u010dujeme o z\u00e1kazn\u00edky Zna\u010dka Wendre velmi dob\u0159e zn\u00e1 pot\u0159eby sv\u00fdch z\u00e1kazn\u00edk\u016f a vych\u00e1z\u00ed jim vst\u0159\u00edc. Jako p\u0159edn\u00ed v\u00fdrobce pol\u0161t\u00e1\u0159\u016f a p\u0159ikr\u00fdvek na evropsk\u00e9m trhu dod\u00e1v\u00e1me na\u0161im z\u00e1kazn\u00edk\u016fm v\u00fdrobky vynikaj\u00edc\u00ed kvality za atraktivn\u00ed ceny. Vs\u00e1z\u00edme na kvalitu P\u0159ikr\u00fdvky a pol\u0161t\u00e1\u0159e zna\u010dky Wendre jsou vyr\u00e1b\u011bny nejmodern\u011bj\u0161\u00edmi technologiemi, d\u00edky nim\u017e jsou symbolem nejvy\u0161\u0161\u00ed kvality a spolehlivosti. \u0158\u00edd\u00edme se [&hellip;]<\/p>\n","protected":false},"author":4,"featured_media":0,"parent":0,"menu_order":0,"comment_status":"closed","ping_status":"closed","template":"page-full-width.php","meta":{"inline_featured_image":false,"footnotes":""},"class_list":["post-1505","page","type-page","status-publish","hentry"],"_links":{"self":[{"href":"https:\/\/wendre.pl\/cz\/wp-json\/wp\/v2\/pages\/1505","targetHints":{"allow":["GET"]}}],"collection":[{"href":"https:\/\/wendre.pl\/cz\/wp-json\/wp\/v2\/pages"}],"about":[{"href":"https:\/\/wendre.pl\/cz\/wp-json\/wp\/v2\/types\/page"}],"author":[{"embeddable":true,"href":"https:\/\/wendre.pl\/cz\/wp-json\/wp\/v2\/users\/4"}],"replies":[{"embeddable":true,"href":"https:\/\/wendre.pl\/cz\/wp-json\/wp\/v2\/comments?post=1505"}],"version-history":[{"count":129,"href":"https:\/\/wendre.pl\/cz\/wp-json\/wp\/v2\/pages\/1505\/revisions"}],"predecessor-version":[{"id":7584,"href":"https:\/\/wendre.pl\/cz\/wp-json\/wp\/v2\/pages\/1505\/revisions\/7584"}],"wp:attachment":[{"href":"https:\/\/wendre.pl\/cz\/wp-json\/wp\/v2\/media?parent=1505"}],"curies":[{"name":"wp","href":"https:\/\/api.w.org\/{rel}","templated":true}]}}